{"id":85,"date":"2020-03-09T17:15:22","date_gmt":"2020-03-09T16:15:22","guid":{"rendered":"https:\/\/www.nard-intelligence.net\/?page_id=85"},"modified":"2020-06-18T11:16:09","modified_gmt":"2020-06-18T09:16:09","slug":"services-intelligence-artificielle-ia","status":"publish","type":"page","link":"https:\/\/www.nard-intelligence.net\/fr\/services\/services-intelligence-artificielle-ia\/","title":{"rendered":"AI Services"},"content":{"rendered":"<p>[vc_row full_width=\u00a0\u00bbstretch_row\u00a0\u00bb css=\u00a0\u00bb.vc_custom_1587727386005{background-color: #181b21 !important;}\u00a0\u00bb el_class=\u00a0\u00bbdark_section\u00a0\u00bb][vc_column]<div id=\"cz_37933\" class=\"cz_37933 cz_title clr cz_title_has_icon cz_title_pos_inline costum_title\"><div class=\"cz_title_content\"><span class=\"cz_title_icon_before cz_title_image\"><img loading=\"lazy\" decoding=\"async\" width=\"58\" height=\"70\" src=\"https:\/\/www.nard-intelligence.net\/wp-content\/uploads\/2020\/04\/Ingenierie-Logicielle.png\" class=\"attachment-full\" alt=\"Ingenierie-Logicielle\" \/><\/span><div class=\"cz_wpe_content\"><h1>AI Services<\/h1>\n<p>Notre expertise dans le domaine de l\u2019intelligence artificielle (IA) peut vous aider \u00e0 faire passer votre entreprise au niveau sup\u00e9rieur. Notre \u00e9quipe IA vous aidera \u00e0 puiser dans vos donn\u00e9es les bonnes informations pour vous aider \u00e0 mieux comprendre et conna\u00eetre vos clients, personnaliser ad\u00e9quatement votre exp\u00e9rience client, ainsi qu\u2019automatiser et am\u00e9liorer vos processus op\u00e9rationnels.<\/p>\n<ul class=\"services interne\">\n<li><a href=\"#text-mining\">Text Mining<\/a><\/li>\n<li><a href=\"#annotation-donnees\">Annotation des donn\u00e9es<\/a><\/li>\n<li><a href=\"#systemes-recommandation\">Syst\u00e8mes de recommandation<\/a><\/li>\n<li><a href=\"#prevision\">Pr\u00e9vision<\/a><\/li>\n<li><a href=\"#detection-anomalies\">D\u00e9tection d\u2019anomalies<\/a><\/li>\n<li><a href=\"#detection-fraudes\">D\u00e9tection des fraudes<\/a><\/li>\n<li><a href=\"#panier-consommation\">Panier de consommation<\/a><\/li>\n<li><a href=\"#priorisation-prospects\">Priorisation des prospects<\/a><\/li>\n<li><a href=\"#segmentation-comportementale\">Segmentation comportementale<\/a><\/li>\n<\/ul>\n<\/div><\/div><\/div>[\/vc_column][\/vc_row][vc_row][vc_column][vc_column_text]Nous sommes des experts dans l\u2019Apprentissage Automatique (Machine Learning), l\u2019Apprentissage Profond (Deep Learning) et le Traitement Automatique du Language Naturel (NLP pour Natural Langage Processing). Nous faisons parler et travailler vos donn\u00e9es pour d\u00e9velopper des solutions et des produits personnalis\u00e9s adapt\u00e9s \u00e0 vos besoins.[\/vc_column_text][\/vc_column][\/vc_row][vc_row equal_height=\u00a0\u00bbyes\u00a0\u00bb content_placement=\u00a0\u00bbmiddle\u00a0\u00bb el_id=\u00a0\u00bbtext-mining\u00a0\u00bb][vc_column width=\u00a0\u00bb1\/2&Prime;][vc_column_text]<\/p>\n<h2>Text Mining (Analyse Automatis\u00e9e de texte)<\/h2>\n<p>Int\u00e9gration de mod\u00e8les de traitement automatique du langage naturel (NLP) pour vous aider \u00e0 analyser de grandes collections de documents et y d\u00e9couvrir de nouvelles informations ou pour r\u00e9pondre \u00e0 des questions de recherche sp\u00e9cifiques. Un exemple de cas d&rsquo;utilisation serait l\u2019analyse instantan\u00e9e des commentaires des clients sur les r\u00e9seaux sociaux et sa conversion en informations significatives et exploitables pour une prise de d\u00e9cision \u00e9clair\u00e9e et rapide.[\/vc_column_text][\/vc_column][vc_column width=\u00a0\u00bb1\/2&Prime;][vc_single_image image=\u00a0\u00bb247&Prime; img_size=\u00a0\u00bbfull\u00a0\u00bb alignment=\u00a0\u00bbcenter\u00a0\u00bb][\/vc_column][\/vc_row][vc_row equal_height=\u00a0\u00bbyes\u00a0\u00bb content_placement=\u00a0\u00bbmiddle\u00a0\u00bb css=\u00a0\u00bb.vc_custom_1592234880178{margin-bottom: 30px !important;}\u00a0\u00bb el_id=\u00a0\u00bbannotation-donnees\u00a0\u00bb el_class=\u00a0\u00bbinverse_bloc\u00a0\u00bb][vc_column width=\u00a0\u00bb1\/2&Prime;][vc_single_image image=\u00a0\u00bb247&Prime; img_size=\u00a0\u00bbfull\u00a0\u00bb alignment=\u00a0\u00bbcenter\u00a0\u00bb][\/vc_column][vc_column width=\u00a0\u00bb1\/2&Prime;][vc_column_text]<\/p>\n<h2>Annotation des donn\u00e9es<\/h2>\n<p>Concevez et construisez une infrastructure de donn\u00e9es pratique qui peut \u00eatre utilis\u00e9e pour vos projets de Data Science, de machine learning ou d&rsquo;autres besoins d&rsquo;analyse.<\/p>\n<p>[\/vc_column_text][\/vc_column][\/vc_row][vc_row equal_height=\u00a0\u00bbyes\u00a0\u00bb content_placement=\u00a0\u00bbmiddle\u00a0\u00bb css=\u00a0\u00bb.vc_custom_1591775377991{margin-bottom: 30px !important;}\u00a0\u00bb el_id=\u00a0\u00bbsystemes-recommandation\u00a0\u00bb][vc_column width=\u00a0\u00bb1\/2&Prime;][vc_column_text]<\/p>\n<h2>Syst\u00e8mes de recommandation<\/h2>\n<p>cr\u00e9ation d&rsquo;un syst\u00e8me d&rsquo;analyse bas\u00e9 sur les comportements en ligne de vos clients afin de pr\u00e9dire et recommander des produits qu&rsquo;ils ach\u00e8teraient et de l\u00e0 renforcer la confiance et la fid\u00e9lit\u00e9 \u00e0 vos services et produits.<\/p>\n<p>[\/vc_column_text][\/vc_column][vc_column width=\u00a0\u00bb1\/2&Prime;][vc_single_image image=\u00a0\u00bb247&Prime; img_size=\u00a0\u00bbfull\u00a0\u00bb alignment=\u00a0\u00bbcenter\u00a0\u00bb][\/vc_column][\/vc_row][vc_row equal_height=\u00a0\u00bbyes\u00a0\u00bb content_placement=\u00a0\u00bbmiddle\u00a0\u00bb css=\u00a0\u00bb.vc_custom_1592234888132{margin-bottom: 30px !important;}\u00a0\u00bb el_id=\u00a0\u00bbprevision\u00a0\u00bb el_class=\u00a0\u00bbinverse_bloc\u00a0\u00bb][vc_column width=\u00a0\u00bb1\/2&Prime;][vc_single_image image=\u00a0\u00bb247&Prime; img_size=\u00a0\u00bbfull\u00a0\u00bb alignment=\u00a0\u00bbcenter\u00a0\u00bb][\/vc_column][vc_column width=\u00a0\u00bb1\/2&Prime;][vc_column_text]<\/p>\n<h2>Pr\u00e9vision<\/h2>\n<p>Cr\u00e9ation de mod\u00e8les d&rsquo;apprentissage automatiques bas\u00e9s sur vos donn\u00e9es historiques utilisant des m\u00e9triques et des tableaux de bord dynamiques pour vous aider \u00e0 comprendre de mani\u00e8re objective les performances de vos ventes, obtenir des informations sur les changements de tendance et de saisonnalit\u00e9, et planifier en cons\u00e9quence.[\/vc_column_text][\/vc_column][\/vc_row][vc_row equal_height=\u00a0\u00bbyes\u00a0\u00bb content_placement=\u00a0\u00bbmiddle\u00a0\u00bb css=\u00a0\u00bb.vc_custom_1591775450100{margin-bottom: 30px !important;}\u00a0\u00bb el_id=\u00a0\u00bbdetection-anomalies\u00a0\u00bb][vc_column width=\u00a0\u00bb1\/2&Prime;][vc_column_text]<\/p>\n<h2>D\u00e9tection d&rsquo;anomalies<\/h2>\n<p>Configuration d&rsquo;algorithmes d&rsquo;apprentissage automatique pour d\u00e9tecter et signaler les incoh\u00e9rences dans vos donn\u00e9es et minimiser les faux positifs.[\/vc_column_text][\/vc_column][vc_column width=\u00a0\u00bb1\/2&Prime;][vc_single_image image=\u00a0\u00bb247&Prime; img_size=\u00a0\u00bbfull\u00a0\u00bb alignment=\u00a0\u00bbcenter\u00a0\u00bb][\/vc_column][\/vc_row][vc_row equal_height=\u00a0\u00bbyes\u00a0\u00bb content_placement=\u00a0\u00bbmiddle\u00a0\u00bb el_id=\u00a0\u00bbdetection-fraudes\u00a0\u00bb el_class=\u00a0\u00bbinverse_bloc\u00a0\u00bb][vc_column width=\u00a0\u00bb1\/2&Prime;][vc_single_image image=\u00a0\u00bb247&Prime; img_size=\u00a0\u00bbfull\u00a0\u00bb alignment=\u00a0\u00bbcenter\u00a0\u00bb][\/vc_column][vc_column width=\u00a0\u00bb1\/2&Prime;][vc_column_text]<\/p>\n<h2>D\u00e9tection des fraudes<\/h2>\n<p>Cr\u00e9ation d&rsquo;un syst\u00e8me qui peut d\u00e9tecter les faux comptes ou les comptes pirat\u00e9s, les vols potentiels et les incoh\u00e9rences transactionnelles afin d\u2019aider votre \u00e9quipe \u00e0 prendre des mesures contre les activit\u00e9s frauduleuses avant qu&rsquo;il ne soit trop tard.[\/vc_column_text][\/vc_column][\/vc_row][vc_row equal_height=\u00a0\u00bbyes\u00a0\u00bb content_placement=\u00a0\u00bbmiddle\u00a0\u00bb css=\u00a0\u00bb.vc_custom_1591775516701{margin-bottom: 30px !important;}\u00a0\u00bb el_id=\u00a0\u00bbpanier-consommation\u00a0\u00bb][vc_column width=\u00a0\u00bb1\/2&Prime;][vc_column_text]<\/p>\n<h2>Panier de consommation (Market Basket)<\/h2>\n<p>Nous pouvons vous aider \u00e0 maximiser la valeur de vos commandes en mettant en \u0153uvre une analyse du panier de consommation sur vos donn\u00e9es transactionnelles ainsi que sur celles de vos concurrents. Cet outil vous permettra de regrouper vos produits et services en paquets ou forfaits qui r\u00e9pondront plus favorablement aux besoins de vos clients.[\/vc_column_text][\/vc_column][vc_column width=\u00a0\u00bb1\/2&Prime;][vc_single_image image=\u00a0\u00bb247&Prime; img_size=\u00a0\u00bbfull\u00a0\u00bb alignment=\u00a0\u00bbcenter\u00a0\u00bb][\/vc_column][\/vc_row][vc_row equal_height=\u00a0\u00bbyes\u00a0\u00bb content_placement=\u00a0\u00bbmiddle\u00a0\u00bb el_id=\u00a0\u00bbpriorisation-prospects\u00a0\u00bb el_class=\u00a0\u00bbinverse_bloc\u00a0\u00bb][vc_column width=\u00a0\u00bb1\/2&Prime;][vc_single_image image=\u00a0\u00bb247&Prime; img_size=\u00a0\u00bbfull\u00a0\u00bb alignment=\u00a0\u00bbcenter\u00a0\u00bb][\/vc_column][vc_column width=\u00a0\u00bb1\/2&Prime;][vc_column_text]<\/p>\n<h2>Priorisation des prospects<\/h2>\n<p>Nous avons les outils et l&rsquo;expertise pour vous aider \u00e0 g\u00e9rer vos prospects de mani\u00e8re appropri\u00e9e. Gr\u00e2ce \u00e0 nos algorithmes, nous pouvons identifier les prospects qui affichent le meilleur retour sur investissement (ROI) pour vos diff\u00e9rentes activit\u00e9s.[\/vc_column_text][\/vc_column][\/vc_row][vc_row equal_height=\u00a0\u00bbyes\u00a0\u00bb content_placement=\u00a0\u00bbmiddle\u00a0\u00bb css=\u00a0\u00bb.vc_custom_1591775597042{margin-bottom: 30px !important;}\u00a0\u00bb el_id=\u00a0\u00bbsegmentation-comportementale\u00a0\u00bb][vc_column width=\u00a0\u00bb1\/2&Prime;][vc_column_text]<\/p>\n<h2>Segmentation comportementale<\/h2>\n<p>Nous pouvons vous aider \u00e0 parfaire votre strat\u00e9gie marketing avec cette m\u00e9thodologie test\u00e9e, bas\u00e9e sur la collecte de donn\u00e9es sur les pr\u00e9f\u00e9rences et les comportements de vos clients pour la cr\u00e9ation de segments sur chaque facette de cette client\u00e8le.[\/vc_column_text][\/vc_column][vc_column width=\u00a0\u00bb1\/2&Prime;][vc_single_image image=\u00a0\u00bb247&Prime; img_size=\u00a0\u00bbfull\u00a0\u00bb alignment=\u00a0\u00bbcenter\u00a0\u00bb][\/vc_column][\/vc_row]<\/p>\n","protected":false},"excerpt":{"rendered":"<p>[vc_row full_width=\u00a0\u00bbstretch_row\u00a0\u00bb css=\u00a0\u00bb.vc_custom_1587727386005{background-color: #181b21 !important;}\u00a0\u00bb el_class=\u00a0\u00bbdark_section\u00a0\u00bb][vc_column][\/vc_column][\/vc_row][vc_row][vc_column][vc_column_text]Nous sommes des experts dans l\u2019Apprentissage Automatique (Machine Learning), l\u2019Apprentissage Profond (Deep Learning) et le<\/p>\n","protected":false},"author":1,"featured_media":0,"parent":13,"menu_order":0,"comment_status":"closed","ping_status":"closed","template":"","meta":{"footnotes":""},"yst_prominent_words":[],"class_list":["post-85","page","type-page","status-publish","hentry"],"_links":{"self":[{"href":"https:\/\/www.nard-intelligence.net\/fr\/wp-json\/wp\/v2\/pages\/85","targetHints":{"allow":["GET"]}}],"collection":[{"href":"https:\/\/www.nard-intelligence.net\/fr\/wp-json\/wp\/v2\/pages"}],"about":[{"href":"https:\/\/www.nard-intelligence.net\/fr\/wp-json\/wp\/v2\/types\/page"}],"author":[{"embeddable":true,"href":"https:\/\/www.nard-intelligence.net\/fr\/wp-json\/wp\/v2\/users\/1"}],"replies":[{"embeddable":true,"href":"https:\/\/www.nard-intelligence.net\/fr\/wp-json\/wp\/v2\/comments?post=85"}],"version-history":[{"count":9,"href":"https:\/\/www.nard-intelligence.net\/fr\/wp-json\/wp\/v2\/pages\/85\/revisions"}],"predecessor-version":[{"id":404,"href":"https:\/\/www.nard-intelligence.net\/fr\/wp-json\/wp\/v2\/pages\/85\/revisions\/404"}],"up":[{"embeddable":true,"href":"https:\/\/www.nard-intelligence.net\/fr\/wp-json\/wp\/v2\/pages\/13"}],"wp:attachment":[{"href":"https:\/\/www.nard-intelligence.net\/fr\/wp-json\/wp\/v2\/media?parent=85"}],"wp:term":[{"taxonomy":"yst_prominent_words","embeddable":true,"href":"https:\/\/www.nard-intelligence.net\/fr\/wp-json\/wp\/v2\/yst_prominent_words?post=85"}],"curies":[{"name":"wp","href":"https:\/\/api.w.org\/{rel}","templated":true}]}}