{"id":17,"date":"2020-03-06T11:34:17","date_gmt":"2020-03-06T10:34:17","guid":{"rendered":"https:\/\/www.nard-intelligence.net\/?page_id=17"},"modified":"2022-09-14T23:39:27","modified_gmt":"2022-09-14T21:39:27","slug":"entreprise","status":"publish","type":"page","link":"https:\/\/www.nard-intelligence.net\/fr\/entreprise\/","title":{"rendered":"Entreprise"},"content":{"rendered":"<p>[vc_row][vc_column]<div id=\"cz_54148\" class=\"cz_54148 cz_tabs clr cz_tabs_htl\"><div class=\"cz_tabs_content\"><a class=\"cz_tab_a hide\" data-tab=\"cz_20906\">Carri\u00e8res<\/a><div id=\"cz_20906\" class=\"cz_tab\"><div>[vc_column_text]Nous sommes \u00e0 la recherche de d\u00e9veloppeurs polyvalents, talentueux, passionn\u00e9s et pragmatiques pour se joindre \u00e0 la Core Team de\u00a0<strong>NARD Intelligence<\/strong>.<br \/>\nContactez-nous sur\u00a0<span class=\"h_txt\">contact@nard-intelligence.com<\/span>.<\/p>\n<p><strong>POURQUOI TRAVAILLER CHEZ NARD INTELLIGENCE ?<\/strong><\/p>\n<ul class=\"custom_ul\">\n<li>Nous sommes une entreprise innovante qui oeuvre \u00e0 l&rsquo;international, une entreprise en plein essor qui offre des opportunit\u00e9s et des d\u00e9fis sans limites.<\/li>\n<li>Nous sommes une \u00e9quipe d\u00e9termin\u00e9e, ambitieuse et int\u00e8gre qui reconnait et valorise le talent et le travail acharn\u00e9, une \u00e9quipe qui fait passer les comp\u00e9tences avant l&rsquo;exp\u00e9rience.<\/li>\n<\/ul>\n<p>[\/vc_column_text]<\/div><\/div><a class=\"cz_tab_a hide\" data-tab=\"cz_39893\">Pr\u00e9sentation<\/a><div id=\"cz_39893\" class=\"cz_tab\"><div>[vc_column_text el_class=\u00a0\u00bbbg1&Prime;]<strong>NARD Intelligence<\/strong> est une entreprise qui \u0153uvre dans l\u2019outsourcing de services IT. Nous fournissons des services informatiques de premier niveau \u00e0 nos clients pour les aider \u00e0 optimiser leurs processus et augmenter leur productivit\u00e9.<br \/>\nNous sommes une \u00e9quipe d&rsquo;experts d\u00e9vou\u00e9s dot\u00e9s d\u2019un esprit pragmatique avec une vaste exp\u00e9rience dans l&rsquo;industrie. Nous utilisons et appliquons les meilleurs outils, m\u00e9thodologies et pratiques de l\u2019industrie. Nous sommes des experts dans <a href=\"https:\/\/www.nard-intelligence.net\/fr\/services\/servicenow-services\/\"><strong>ITSM &amp; ITOM avec Service Now<\/strong><\/a>, l&rsquo;<strong><a href=\"https:\/\/www.nard-intelligence.net\/fr\/services\/services-devops-automation\/\">Automatisation &amp; le DevOps<\/a><\/strong>, le <a href=\"https:\/\/www.nard-intelligence.net\/services\/cloud-services\/\"><strong>Cloud<\/strong><\/a>, et l\u2019<strong><a href=\"https:\/\/www.nard-intelligence.net\/fr\/services\/services-intelligence-artificielle-ia\/\">Intelligence Artificielle (IA)<\/a><\/strong>.<\/p>\n<p><a class=\"btn_style1\" href=\"https:\/\/www.nard-intelligence.net\/fr\/services\/\">Lisez plus<\/a>[\/vc_column_text]<\/div><\/div><\/div><\/div>[\/vc_column][\/vc_row][vc_row][vc_column][vc_raw_js]JTNDc2NyaXB0JTIwdHlwZSUzRCUyMnRleHQlMkZqYXZhc2NyaXB0JTIyJTNFJTBBalF1ZXJ5JTI4JTIwd2luZG93JTIwJTI5LmxvYWQlMjhmdW5jdGlvbiUyOCUyOSUyMCU3QiUwQWlmJTIwJTI4d2luZG93LmxvY2F0aW9uLmhyZWYuaW5kZXhPZiUyOCUyMiUyM2NhcnJpZXJlcyUyMiUyOSUyMCUzRSUyMC0xJTI5JTIwJTdCJTBBJTA5JTA5alF1ZXJ5JTI4JTIyYSU1QmRhdGEtdGFiJTNEJTI3Y3pfMjA5MDYlMjclNUQlMjIlMjkudHJpZ2dlciUyOCUyMCUyMmNsaWNrJTIyJTIwJTI5JTNCJTNCJTBBJTA5JTdEJTBBJTdEJTI5JTNCJTBBJTNDJTJGc2NyaXB0JTNF[\/vc_raw_js][\/vc_column][\/vc_row]<\/p>\n","protected":false},"excerpt":{"rendered":"<p>[vc_row][vc_column][\/vc_column][\/vc_row][vc_row][vc_column][vc_raw_js]JTNDc2NyaXB0JTIwdHlwZSUzRCUyMnRleHQlMkZqYXZhc2NyaXB0JTIyJTNFJTBBalF1ZXJ5JTI4JTIwd2luZG93JTIwJTI5LmxvYWQlMjhmdW5jdGlvbiUyOCUyOSUyMCU3QiUwQWlmJTIwJTI4d2luZG93LmxvY2F0aW9uLmhyZWYuaW5kZXhPZiUyOCUyMiUyM2NhcnJpZXJlcyUyMiUyOSUyMCUzRSUyMC0xJTI5JTIwJTdCJTBBJTA5JTA5alF1ZXJ5JTI4JTIyYSU1QmRhdGEtdGFiJTNEJTI3Y3pfMjA5MDYlMjclNUQlMjIlMjkudHJpZ2dlciUyOCUyMCUyMmNsaWNrJTIyJTIwJTI5JTNCJTNCJTBBJTA5JTdEJTBBJTdEJTI5JTNCJTBBJTNDJTJGc2NyaXB0JTNF[\/vc_raw_js][\/vc_column][\/vc_row]<\/p>\n","protected":false},"author":1,"featured_media":0,"parent":0,"menu_order":0,"comment_status":"closed","ping_status":"closed","template":"","meta":{"footnotes":""},"yst_prominent_words":[],"class_list":["post-17","page","type-page","status-publish","hentry"],"_links":{"self":[{"href":"https:\/\/www.nard-intelligence.net\/fr\/wp-json\/wp\/v2\/pages\/17","targetHints":{"allow":["GET"]}}],"collection":[{"href":"https:\/\/www.nard-intelligence.net\/fr\/wp-json\/wp\/v2\/pages"}],"about":[{"href":"https:\/\/www.nard-intelligence.net\/fr\/wp-json\/wp\/v2\/types\/page"}],"author":[{"embeddable":true,"href":"https:\/\/www.nard-intelligence.net\/fr\/wp-json\/wp\/v2\/users\/1"}],"replies":[{"embeddable":true,"href":"https:\/\/www.nard-intelligence.net\/fr\/wp-json\/wp\/v2\/comments?post=17"}],"version-history":[{"count":19,"href":"https:\/\/www.nard-intelligence.net\/fr\/wp-json\/wp\/v2\/pages\/17\/revisions"}],"predecessor-version":[{"id":765,"href":"https:\/\/www.nard-intelligence.net\/fr\/wp-json\/wp\/v2\/pages\/17\/revisions\/765"}],"wp:attachment":[{"href":"https:\/\/www.nard-intelligence.net\/fr\/wp-json\/wp\/v2\/media?parent=17"}],"wp:term":[{"taxonomy":"yst_prominent_words","embeddable":true,"href":"https:\/\/www.nard-intelligence.net\/fr\/wp-json\/wp\/v2\/yst_prominent_words?post=17"}],"curies":[{"name":"wp","href":"https:\/\/api.w.org\/{rel}","templated":true}]}}